{"id":83,"date":"2016-12-21T08:32:14","date_gmt":"2016-12-21T07:32:14","guid":{"rendered":"http:\/\/www.pensezavosmissions.com\/?page_id=83"},"modified":"2018-12-13T14:43:59","modified_gmt":"2018-12-13T13:43:59","slug":"facturation","status":"publish","type":"page","link":"https:\/\/www.pensezavosmissions.com\/index.php\/facturation\/","title":{"rendered":"Facturation"},"content":{"rendered":"<h1><span style=\"color: #006699;\">Facturation<\/span><\/h1>\n<h1 style=\"text-align: justify;\"><span style=\"color: #006699;\"><strong>Tarifs Portage Salarial<\/strong>*<\/span><\/h1>\n<table border=\"0\" width=\"100%\" cellspacing=\"0\" cellpadding=\"0\">\n<tbody>\n<tr>\n<td style=\"text-align: left;\" width=\"25%\">Forfait un mois<\/td>\n<td style=\"text-align: right;\" width=\"25%\">3377\u20ac H.T.<\/td>\n<\/tr>\n<tr>\n<td style=\"text-align: left;\" width=\"25%\">Forfait trois semaines<\/td>\n<td style=\"text-align: right;\" width=\"25%\">2337\u20ac H.T.<\/td>\n<\/tr>\n<tr>\n<td style=\"text-align: left;\" width=\"25%\">Forfait deux semaines<\/td>\n<td style=\"text-align: right;\" width=\"25%\">1558\u20ac H.T.<\/td>\n<\/tr>\n<\/tbody>\n<\/table>\n<p style=\"text-align: justify;\"><em>*Tarifs fix\u00e9s toutes charges comprises (y compris charges patronales)<\/em><\/p>\n<h1 style=\"text-align: justify;\"><span style=\"color: #006699;\"><strong>Tarifs Home Office<\/strong>**<\/span><\/h1>\n<table border=\"0\" width=\"100%\" cellspacing=\"0\" cellpadding=\"0\">\n<tbody>\n<tr>\n<td style=\"text-align: left;\" width=\"25%\">Forfait un mois<\/td>\n<td style=\"text-align: right;\" width=\"25%\">1500\u20ac Net<\/td>\n<\/tr>\n<tr>\n<td style=\"text-align: left;\" width=\"25%\">Forfait trois semaines<\/td>\n<td style=\"text-align: right;\" width=\"25%\">1050\u20ac Net<\/td>\n<\/tr>\n<tr>\n<td style=\"text-align: left;\" width=\"25%\">Forfait deux semaines<\/td>\n<td style=\"text-align: right;\" width=\"25%\">700\u20ac Net<\/td>\n<\/tr>\n<tr>\n<td style=\"text-align: left;\" width=\"25%\">Forfait une semaine<\/td>\n<td style=\"text-align: right;\" width=\"25%\">350\u20ac Net<\/td>\n<\/tr>\n<tr>\n<td style=\"text-align: left;\" width=\"25%\">Forfait trois jours<\/td>\n<td style=\"text-align: right;\" width=\"25%\">210\u20ac Net<\/td>\n<\/tr>\n<tr>\n<td style=\"text-align: left;\" width=\"25%\">Forfait jour<\/td>\n<td style=\"text-align: right;\" width=\"25%\">70\u20ac Net<\/td>\n<\/tr>\n<\/tbody>\n<\/table>\n<p style=\"text-align: justify;\"><em>** Salaire Net pour la salari\u00e9e<\/em><\/p>\n<h1 style=\"text-align: justify;\">Modes de paiement\u00a0: virement ou ch\u00e8ques<\/h1>\n","protected":false},"excerpt":{"rendered":"<p>Facturation de \u00ab\u00a0Pensez a vos missions commerciales\u00a0\u00bb<\/p>\n","protected":false},"author":1,"featured_media":339,"parent":0,"menu_order":1,"comment_status":"closed","ping_status":"closed","template":"","meta":{"jetpack_post_was_ever_published":false,"footnotes":""},"class_list":["post-83","page","type-page","status-publish","has-post-thumbnail","hentry"],"yoast_head":"<!-- This site is optimized with the Yoast SEO plugin v24.3 - https:\/\/yoast.com\/wordpress\/plugins\/seo\/ -->\n<title>Facturation - Corine Aubert<\/title>\n<meta name=\"robots\" content=\"index, follow, max-snippet:-1, max-image-preview:large, max-video-preview:-1\" \/>\n<link rel=\"canonical\" href=\"https:\/\/www.pensezavosmissions.com\/index.php\/facturation\/\" \/>\n<meta property=\"og:locale\" content=\"fr_FR\" \/>\n<meta property=\"og:type\" content=\"article\" \/>\n<meta property=\"og:title\" content=\"Facturation - Corine Aubert\" \/>\n<meta property=\"og:description\" content=\"Facturation de &quot;Pensez a vos missions commerciales&quot;\" \/>\n<meta property=\"og:url\" content=\"https:\/\/www.pensezavosmissions.com\/index.php\/facturation\/\" \/>\n<meta property=\"og:site_name\" content=\"Corine Aubert\" \/>\n<meta property=\"article:modified_time\" content=\"2018-12-13T13:43:59+00:00\" \/>\n<meta property=\"og:image\" content=\"https:\/\/i0.wp.com\/www.pensezavosmissions.com\/wp-content\/uploads\/2016\/12\/Fotolia_48761950_XS.jpg?fit=600%2C200&ssl=1\" \/>\n\t<meta property=\"og:image:width\" content=\"600\" \/>\n\t<meta property=\"og:image:height\" content=\"200\" \/>\n\t<meta property=\"og:image:type\" content=\"image\/jpeg\" \/>\n<meta name=\"twitter:card\" content=\"summary_large_image\" \/>\n<script type=\"application\/ld+json\" class=\"yoast-schema-graph\">{\"@context\":\"https:\/\/schema.org\",\"@graph\":[{\"@type\":\"WebPage\",\"@id\":\"https:\/\/www.pensezavosmissions.com\/index.php\/facturation\/\",\"url\":\"https:\/\/www.pensezavosmissions.com\/index.php\/facturation\/\",\"name\":\"Facturation - Corine Aubert\",\"isPartOf\":{\"@id\":\"https:\/\/www.pensezavosmissions.com\/#website\"},\"primaryImageOfPage\":{\"@id\":\"https:\/\/www.pensezavosmissions.com\/index.php\/facturation\/#primaryimage\"},\"image\":{\"@id\":\"https:\/\/www.pensezavosmissions.com\/index.php\/facturation\/#primaryimage\"},\"thumbnailUrl\":\"https:\/\/i0.wp.com\/www.pensezavosmissions.com\/wp-content\/uploads\/2016\/12\/Fotolia_48761950_XS.jpg?fit=600%2C200&ssl=1\",\"datePublished\":\"2016-12-21T07:32:14+00:00\",\"dateModified\":\"2018-12-13T13:43:59+00:00\",\"breadcrumb\":{\"@id\":\"https:\/\/www.pensezavosmissions.com\/index.php\/facturation\/#breadcrumb\"},\"inLanguage\":\"fr-FR\",\"potentialAction\":[{\"@type\":\"ReadAction\",\"target\":[\"https:\/\/www.pensezavosmissions.com\/index.php\/facturation\/\"]}]},{\"@type\":\"ImageObject\",\"inLanguage\":\"fr-FR\",\"@id\":\"https:\/\/www.pensezavosmissions.com\/index.php\/facturation\/#primaryimage\",\"url\":\"https:\/\/i0.wp.com\/www.pensezavosmissions.com\/wp-content\/uploads\/2016\/12\/Fotolia_48761950_XS.jpg?fit=600%2C200&ssl=1\",\"contentUrl\":\"https:\/\/i0.wp.com\/www.pensezavosmissions.com\/wp-content\/uploads\/2016\/12\/Fotolia_48761950_XS.jpg?fit=600%2C200&ssl=1\",\"width\":600,\"height\":200,\"caption\":\"Facturation\"},{\"@type\":\"BreadcrumbList\",\"@id\":\"https:\/\/www.pensezavosmissions.com\/index.php\/facturation\/#breadcrumb\",\"itemListElement\":[{\"@type\":\"ListItem\",\"position\":1,\"name\":\"Accueil\",\"item\":\"https:\/\/www.pensezavosmissions.com\/\"},{\"@type\":\"ListItem\",\"position\":2,\"name\":\"Facturation\"}]},{\"@type\":\"WebSite\",\"@id\":\"https:\/\/www.pensezavosmissions.com\/#website\",\"url\":\"https:\/\/www.pensezavosmissions.com\/\",\"name\":\"Corine Aubert\",\"description\":\"Pensez a vos missions commerciales\",\"publisher\":{\"@id\":\"https:\/\/www.pensezavosmissions.com\/#\/schema\/person\/7987e5963615a808f538474d18156767\"},\"potentialAction\":[{\"@type\":\"SearchAction\",\"target\":{\"@type\":\"EntryPoint\",\"urlTemplate\":\"https:\/\/www.pensezavosmissions.com\/?s={search_term_string}\"},\"query-input\":{\"@type\":\"PropertyValueSpecification\",\"valueRequired\":true,\"valueName\":\"search_term_string\"}}],\"inLanguage\":\"fr-FR\"},{\"@type\":[\"Person\",\"Organization\"],\"@id\":\"https:\/\/www.pensezavosmissions.com\/#\/schema\/person\/7987e5963615a808f538474d18156767\",\"name\":\"Corine Aubert\",\"image\":{\"@type\":\"ImageObject\",\"inLanguage\":\"fr-FR\",\"@id\":\"https:\/\/www.pensezavosmissions.com\/#\/schema\/person\/image\/\",\"url\":\"https:\/\/i0.wp.com\/www.pensezavosmissions.com\/wp-content\/uploads\/2016\/12\/CORINE-AUBERT-2-CLAIR.jpg?fit=1488%2C1854&ssl=1\",\"contentUrl\":\"https:\/\/i0.wp.com\/www.pensezavosmissions.com\/wp-content\/uploads\/2016\/12\/CORINE-AUBERT-2-CLAIR.jpg?fit=1488%2C1854&ssl=1\",\"width\":1488,\"height\":1854,\"caption\":\"Corine Aubert\"},\"logo\":{\"@id\":\"https:\/\/www.pensezavosmissions.com\/#\/schema\/person\/image\/\"},\"description\":\"Assistante commerciale, t\u00e9l\u00e9prospectrice et t\u00e9l\u00e9vendeuse, Corine AUBERT prospecte, assiste vos clients et les conseille pour la r\u00e9alisation de leur projet. De par sa taille humaine, le service assure un suivi personnalis\u00e9 et r\u00e9actif \u00e0 ses clients. Apr\u00e8s avoir exerc\u00e9 plusieurs ann\u00e9es dans le secteur commercial, Corine AUBERT met son exp\u00e9rience commerciale et administrative au service du d\u00e9veloppement commercial de ses prospects et clients.\",\"sameAs\":[\"https:\/\/www.pensezavosmissions.com\/\",\"https:\/\/fr.linkedin.com\/in\/corine-aubert-109b01115\"]}]}<\/script>\n<!-- \/ Yoast SEO plugin. -->","yoast_head_json":{"title":"Facturation - Corine Aubert","robots":{"index":"index","follow":"follow","max-snippet":"max-snippet:-1","max-image-preview":"max-image-preview:large","max-video-preview":"max-video-preview:-1"},"canonical":"https:\/\/www.pensezavosmissions.com\/index.php\/facturation\/","og_locale":"fr_FR","og_type":"article","og_title":"Facturation - Corine Aubert","og_description":"Facturation de \"Pensez a vos missions commerciales\"","og_url":"https:\/\/www.pensezavosmissions.com\/index.php\/facturation\/","og_site_name":"Corine Aubert","article_modified_time":"2018-12-13T13:43:59+00:00","og_image":[{"width":600,"height":200,"url":"https:\/\/i0.wp.com\/www.pensezavosmissions.com\/wp-content\/uploads\/2016\/12\/Fotolia_48761950_XS.jpg?fit=600%2C200&ssl=1","type":"image\/jpeg"}],"twitter_card":"summary_large_image","schema":{"@context":"https:\/\/schema.org","@graph":[{"@type":"WebPage","@id":"https:\/\/www.pensezavosmissions.com\/index.php\/facturation\/","url":"https:\/\/www.pensezavosmissions.com\/index.php\/facturation\/","name":"Facturation - Corine Aubert","isPartOf":{"@id":"https:\/\/www.pensezavosmissions.com\/#website"},"primaryImageOfPage":{"@id":"https:\/\/www.pensezavosmissions.com\/index.php\/facturation\/#primaryimage"},"image":{"@id":"https:\/\/www.pensezavosmissions.com\/index.php\/facturation\/#primaryimage"},"thumbnailUrl":"https:\/\/i0.wp.com\/www.pensezavosmissions.com\/wp-content\/uploads\/2016\/12\/Fotolia_48761950_XS.jpg?fit=600%2C200&ssl=1","datePublished":"2016-12-21T07:32:14+00:00","dateModified":"2018-12-13T13:43:59+00:00","breadcrumb":{"@id":"https:\/\/www.pensezavosmissions.com\/index.php\/facturation\/#breadcrumb"},"inLanguage":"fr-FR","potentialAction":[{"@type":"ReadAction","target":["https:\/\/www.pensezavosmissions.com\/index.php\/facturation\/"]}]},{"@type":"ImageObject","inLanguage":"fr-FR","@id":"https:\/\/www.pensezavosmissions.com\/index.php\/facturation\/#primaryimage","url":"https:\/\/i0.wp.com\/www.pensezavosmissions.com\/wp-content\/uploads\/2016\/12\/Fotolia_48761950_XS.jpg?fit=600%2C200&ssl=1","contentUrl":"https:\/\/i0.wp.com\/www.pensezavosmissions.com\/wp-content\/uploads\/2016\/12\/Fotolia_48761950_XS.jpg?fit=600%2C200&ssl=1","width":600,"height":200,"caption":"Facturation"},{"@type":"BreadcrumbList","@id":"https:\/\/www.pensezavosmissions.com\/index.php\/facturation\/#breadcrumb","itemListElement":[{"@type":"ListItem","position":1,"name":"Accueil","item":"https:\/\/www.pensezavosmissions.com\/"},{"@type":"ListItem","position":2,"name":"Facturation"}]},{"@type":"WebSite","@id":"https:\/\/www.pensezavosmissions.com\/#website","url":"https:\/\/www.pensezavosmissions.com\/","name":"Corine Aubert","description":"Pensez a vos missions commerciales","publisher":{"@id":"https:\/\/www.pensezavosmissions.com\/#\/schema\/person\/7987e5963615a808f538474d18156767"},"potentialAction":[{"@type":"SearchAction","target":{"@type":"EntryPoint","urlTemplate":"https:\/\/www.pensezavosmissions.com\/?s={search_term_string}"},"query-input":{"@type":"PropertyValueSpecification","valueRequired":true,"valueName":"search_term_string"}}],"inLanguage":"fr-FR"},{"@type":["Person","Organization"],"@id":"https:\/\/www.pensezavosmissions.com\/#\/schema\/person\/7987e5963615a808f538474d18156767","name":"Corine Aubert","image":{"@type":"ImageObject","inLanguage":"fr-FR","@id":"https:\/\/www.pensezavosmissions.com\/#\/schema\/person\/image\/","url":"https:\/\/i0.wp.com\/www.pensezavosmissions.com\/wp-content\/uploads\/2016\/12\/CORINE-AUBERT-2-CLAIR.jpg?fit=1488%2C1854&ssl=1","contentUrl":"https:\/\/i0.wp.com\/www.pensezavosmissions.com\/wp-content\/uploads\/2016\/12\/CORINE-AUBERT-2-CLAIR.jpg?fit=1488%2C1854&ssl=1","width":1488,"height":1854,"caption":"Corine Aubert"},"logo":{"@id":"https:\/\/www.pensezavosmissions.com\/#\/schema\/person\/image\/"},"description":"Assistante commerciale, t\u00e9l\u00e9prospectrice et t\u00e9l\u00e9vendeuse, Corine AUBERT prospecte, assiste vos clients et les conseille pour la r\u00e9alisation de leur projet. De par sa taille humaine, le service assure un suivi personnalis\u00e9 et r\u00e9actif \u00e0 ses clients. Apr\u00e8s avoir exerc\u00e9 plusieurs ann\u00e9es dans le secteur commercial, Corine AUBERT met son exp\u00e9rience commerciale et administrative au service du d\u00e9veloppement commercial de ses prospects et clients.","sameAs":["https:\/\/www.pensezavosmissions.com\/","https:\/\/fr.linkedin.com\/in\/corine-aubert-109b01115"]}]}},"jetpack_sharing_enabled":true,"jetpack_shortlink":"https:\/\/wp.me\/P8dXQ9-1l","jetpack-related-posts":[{"id":72,"url":"https:\/\/www.pensezavosmissions.com\/index.php\/assistance-commerciale\/","url_meta":{"origin":83,"position":0},"title":"Assistance commerciale","author":"Corine Aubert","date":"21 d\u00e9cembre 2016","format":false,"excerpt":"L\u2019assistante commerciale est le premier contact du client avec l\u2019entreprise. L\u2019assistante commerciale assure le traitement des commandes, la facturation, la tenue du fichier clients, la surveillance des stocks, la r\u00e9daction des devis, la r\u00e9ception et le traitement des factures, elle informe le client des d\u00e9lais de livraison, etc.","rel":"","context":"Article similaire","block_context":{"text":"Article similaire","link":""},"img":{"alt_text":"Assistance commerciale","src":"https:\/\/i0.wp.com\/www.pensezavosmissions.com\/wp-content\/uploads\/2017\/01\/accueil4-e1485295512874.jpg?fit=600%2C310&ssl=1&resize=350%2C200","width":350,"height":200,"srcset":"https:\/\/i0.wp.com\/www.pensezavosmissions.com\/wp-content\/uploads\/2017\/01\/accueil4-e1485295512874.jpg?fit=600%2C310&ssl=1&resize=350%2C200 1x, https:\/\/i0.wp.com\/www.pensezavosmissions.com\/wp-content\/uploads\/2017\/01\/accueil4-e1485295512874.jpg?fit=600%2C310&ssl=1&resize=525%2C300 1.5x"},"classes":[]}],"_links":{"self":[{"href":"https:\/\/www.pensezavosmissions.com\/index.php\/wp-json\/wp\/v2\/pages\/83","targetHints":{"allow":["GET"]}}],"collection":[{"href":"https:\/\/www.pensezavosmissions.com\/index.php\/wp-json\/wp\/v2\/pages"}],"about":[{"href":"https:\/\/www.pensezavosmissions.com\/index.php\/wp-json\/wp\/v2\/types\/page"}],"author":[{"embeddable":true,"href":"https:\/\/www.pensezavosmissions.com\/index.php\/wp-json\/wp\/v2\/users\/1"}],"replies":[{"embeddable":true,"href":"https:\/\/www.pensezavosmissions.com\/index.php\/wp-json\/wp\/v2\/comments?post=83"}],"version-history":[{"count":16,"href":"https:\/\/www.pensezavosmissions.com\/index.php\/wp-json\/wp\/v2\/pages\/83\/revisions"}],"predecessor-version":[{"id":577,"href":"https:\/\/www.pensezavosmissions.com\/index.php\/wp-json\/wp\/v2\/pages\/83\/revisions\/577"}],"wp:featuredmedia":[{"embeddable":true,"href":"https:\/\/www.pensezavosmissions.com\/index.php\/wp-json\/wp\/v2\/media\/339"}],"wp:attachment":[{"href":"https:\/\/www.pensezavosmissions.com\/index.php\/wp-json\/wp\/v2\/media?parent=83"}],"curies":[{"name":"wp","href":"https:\/\/api.w.org\/{rel}","templated":true}]}}