{"id":43,"date":"2016-12-17T20:09:42","date_gmt":"2016-12-17T19:09:42","guid":{"rendered":"http:\/\/www.pensezavosmissions.com\/?page_id=43"},"modified":"2025-01-19T19:49:23","modified_gmt":"2025-01-19T18:49:23","slug":"temoignages","status":"publish","type":"page","link":"https:\/\/www.pensezavosmissions.com\/index.php\/temoignages\/","title":{"rendered":"T\u00e9moignages"},"content":{"rendered":"\n<h1 class=\"wp-block-heading has-text-align-center\"><span style=\"color: #006699;\">je tiens \u00e0 votre disposition une lettre de recommandation.<\/span><br><br> <figure><img data-recalc-dims=\"1\" loading=\"lazy\" decoding=\"async\" data-attachment-id=\"341\" data-permalink=\"https:\/\/www.pensezavosmissions.com\/index.php\/facturation\/temoignages-clients-v\/\" data-orig-file=\"https:\/\/i0.wp.com\/www.pensezavosmissions.com\/wp-content\/uploads\/2016\/12\/temoignages-clients-V.jpg?fit=342%2C149&amp;ssl=1\" data-orig-size=\"342,149\" data-comments-opened=\"0\" data-image-meta=\"{&quot;aperture&quot;:&quot;0&quot;,&quot;credit&quot;:&quot;&quot;,&quot;camera&quot;:&quot;&quot;,&quot;caption&quot;:&quot;&quot;,&quot;created_timestamp&quot;:&quot;0&quot;,&quot;copyright&quot;:&quot;&quot;,&quot;focal_length&quot;:&quot;0&quot;,&quot;iso&quot;:&quot;0&quot;,&quot;shutter_speed&quot;:&quot;0&quot;,&quot;title&quot;:&quot;&quot;,&quot;orientation&quot;:&quot;0&quot;}\" data-image-title=\"temoignages clients V\" data-image-description=\"\" data-image-caption=\"\" data-large-file=\"https:\/\/i0.wp.com\/www.pensezavosmissions.com\/wp-content\/uploads\/2016\/12\/temoignages-clients-V.jpg?fit=342%2C149&amp;ssl=1\" width=\"300\" height=\"131\" class=\"alignnone size-medium wp-image-341 aligncenter\" src=\"https:\/\/i0.wp.com\/www.pensezavosmissions.com\/wp-content\/uploads\/2016\/12\/temoignages-clients-V.jpg?resize=300%2C131&#038;ssl=1\" alt=\"\" srcset=\"https:\/\/i0.wp.com\/www.pensezavosmissions.com\/wp-content\/uploads\/2016\/12\/temoignages-clients-V.jpg?resize=300%2C131&amp;ssl=1 300w, https:\/\/i0.wp.com\/www.pensezavosmissions.com\/wp-content\/uploads\/2016\/12\/temoignages-clients-V.jpg?w=342&amp;ssl=1 342w\" sizes=\"auto, (max-width: 300px) 100vw, 300px\" \/><\/figure><\/h1>\n\n\n\n<p><\/p>\n","protected":false},"excerpt":{"rendered":"<p>T\u00e9moignages<\/p>\n","protected":false},"author":1,"featured_media":0,"parent":0,"menu_order":1,"comment_status":"closed","ping_status":"closed","template":"","meta":{"jetpack_post_was_ever_published":false,"footnotes":""},"class_list":["post-43","page","type-page","status-publish","hentry"],"yoast_head":"<!-- This site is optimized with the Yoast SEO plugin v24.3 - https:\/\/yoast.com\/wordpress\/plugins\/seo\/ -->\n<title>T\u00e9moignages - Corine Aubert<\/title>\n<meta name=\"robots\" content=\"index, follow, max-snippet:-1, max-image-preview:large, max-video-preview:-1\" \/>\n<link rel=\"canonical\" href=\"https:\/\/www.pensezavosmissions.com\/index.php\/temoignages\/\" \/>\n<meta property=\"og:locale\" content=\"fr_FR\" \/>\n<meta property=\"og:type\" content=\"article\" \/>\n<meta property=\"og:title\" content=\"T\u00e9moignages - Corine Aubert\" \/>\n<meta property=\"og:description\" content=\"T\u00e9moignages\" \/>\n<meta property=\"og:url\" content=\"https:\/\/www.pensezavosmissions.com\/index.php\/temoignages\/\" \/>\n<meta property=\"og:site_name\" content=\"Corine Aubert\" \/>\n<meta property=\"article:modified_time\" content=\"2025-01-19T18:49:23+00:00\" \/>\n<meta property=\"og:image\" content=\"https:\/\/www.pensezavosmissions.com\/wp-content\/uploads\/2016\/12\/temoignages-clients-V-300x131.jpg\" \/>\n<meta name=\"twitter:card\" content=\"summary_large_image\" \/>\n<script type=\"application\/ld+json\" class=\"yoast-schema-graph\">{\"@context\":\"https:\/\/schema.org\",\"@graph\":[{\"@type\":\"WebPage\",\"@id\":\"https:\/\/www.pensezavosmissions.com\/index.php\/temoignages\/\",\"url\":\"https:\/\/www.pensezavosmissions.com\/index.php\/temoignages\/\",\"name\":\"T\u00e9moignages - Corine Aubert\",\"isPartOf\":{\"@id\":\"https:\/\/www.pensezavosmissions.com\/#website\"},\"primaryImageOfPage\":{\"@id\":\"https:\/\/www.pensezavosmissions.com\/index.php\/temoignages\/#primaryimage\"},\"image\":{\"@id\":\"https:\/\/www.pensezavosmissions.com\/index.php\/temoignages\/#primaryimage\"},\"thumbnailUrl\":\"https:\/\/www.pensezavosmissions.com\/wp-content\/uploads\/2016\/12\/temoignages-clients-V-300x131.jpg\",\"datePublished\":\"2016-12-17T19:09:42+00:00\",\"dateModified\":\"2025-01-19T18:49:23+00:00\",\"breadcrumb\":{\"@id\":\"https:\/\/www.pensezavosmissions.com\/index.php\/temoignages\/#breadcrumb\"},\"inLanguage\":\"fr-FR\",\"potentialAction\":[{\"@type\":\"ReadAction\",\"target\":[\"https:\/\/www.pensezavosmissions.com\/index.php\/temoignages\/\"]}]},{\"@type\":\"ImageObject\",\"inLanguage\":\"fr-FR\",\"@id\":\"https:\/\/www.pensezavosmissions.com\/index.php\/temoignages\/#primaryimage\",\"url\":\"https:\/\/i0.wp.com\/www.pensezavosmissions.com\/wp-content\/uploads\/2016\/12\/temoignages-clients-V.jpg?fit=342%2C149&ssl=1\",\"contentUrl\":\"https:\/\/i0.wp.com\/www.pensezavosmissions.com\/wp-content\/uploads\/2016\/12\/temoignages-clients-V.jpg?fit=342%2C149&ssl=1\",\"width\":342,\"height\":149},{\"@type\":\"BreadcrumbList\",\"@id\":\"https:\/\/www.pensezavosmissions.com\/index.php\/temoignages\/#breadcrumb\",\"itemListElement\":[{\"@type\":\"ListItem\",\"position\":1,\"name\":\"Accueil\",\"item\":\"https:\/\/www.pensezavosmissions.com\/\"},{\"@type\":\"ListItem\",\"position\":2,\"name\":\"T\u00e9moignages\"}]},{\"@type\":\"WebSite\",\"@id\":\"https:\/\/www.pensezavosmissions.com\/#website\",\"url\":\"https:\/\/www.pensezavosmissions.com\/\",\"name\":\"Corine Aubert\",\"description\":\"Pensez a vos missions commerciales\",\"publisher\":{\"@id\":\"https:\/\/www.pensezavosmissions.com\/#\/schema\/person\/7987e5963615a808f538474d18156767\"},\"potentialAction\":[{\"@type\":\"SearchAction\",\"target\":{\"@type\":\"EntryPoint\",\"urlTemplate\":\"https:\/\/www.pensezavosmissions.com\/?s={search_term_string}\"},\"query-input\":{\"@type\":\"PropertyValueSpecification\",\"valueRequired\":true,\"valueName\":\"search_term_string\"}}],\"inLanguage\":\"fr-FR\"},{\"@type\":[\"Person\",\"Organization\"],\"@id\":\"https:\/\/www.pensezavosmissions.com\/#\/schema\/person\/7987e5963615a808f538474d18156767\",\"name\":\"Corine Aubert\",\"image\":{\"@type\":\"ImageObject\",\"inLanguage\":\"fr-FR\",\"@id\":\"https:\/\/www.pensezavosmissions.com\/#\/schema\/person\/image\/\",\"url\":\"https:\/\/i0.wp.com\/www.pensezavosmissions.com\/wp-content\/uploads\/2016\/12\/CORINE-AUBERT-2-CLAIR.jpg?fit=1488%2C1854&ssl=1\",\"contentUrl\":\"https:\/\/i0.wp.com\/www.pensezavosmissions.com\/wp-content\/uploads\/2016\/12\/CORINE-AUBERT-2-CLAIR.jpg?fit=1488%2C1854&ssl=1\",\"width\":1488,\"height\":1854,\"caption\":\"Corine Aubert\"},\"logo\":{\"@id\":\"https:\/\/www.pensezavosmissions.com\/#\/schema\/person\/image\/\"},\"description\":\"Assistante commerciale, t\u00e9l\u00e9prospectrice et t\u00e9l\u00e9vendeuse, Corine AUBERT prospecte, assiste vos clients et les conseille pour la r\u00e9alisation de leur projet. De par sa taille humaine, le service assure un suivi personnalis\u00e9 et r\u00e9actif \u00e0 ses clients. Apr\u00e8s avoir exerc\u00e9 plusieurs ann\u00e9es dans le secteur commercial, Corine AUBERT met son exp\u00e9rience commerciale et administrative au service du d\u00e9veloppement commercial de ses prospects et clients.\",\"sameAs\":[\"https:\/\/www.pensezavosmissions.com\/\",\"https:\/\/fr.linkedin.com\/in\/corine-aubert-109b01115\"]}]}<\/script>\n<!-- \/ Yoast SEO plugin. -->","yoast_head_json":{"title":"T\u00e9moignages - Corine Aubert","robots":{"index":"index","follow":"follow","max-snippet":"max-snippet:-1","max-image-preview":"max-image-preview:large","max-video-preview":"max-video-preview:-1"},"canonical":"https:\/\/www.pensezavosmissions.com\/index.php\/temoignages\/","og_locale":"fr_FR","og_type":"article","og_title":"T\u00e9moignages - Corine Aubert","og_description":"T\u00e9moignages","og_url":"https:\/\/www.pensezavosmissions.com\/index.php\/temoignages\/","og_site_name":"Corine Aubert","article_modified_time":"2025-01-19T18:49:23+00:00","og_image":[{"url":"https:\/\/www.pensezavosmissions.com\/wp-content\/uploads\/2016\/12\/temoignages-clients-V-300x131.jpg","type":"","width":"","height":""}],"twitter_card":"summary_large_image","schema":{"@context":"https:\/\/schema.org","@graph":[{"@type":"WebPage","@id":"https:\/\/www.pensezavosmissions.com\/index.php\/temoignages\/","url":"https:\/\/www.pensezavosmissions.com\/index.php\/temoignages\/","name":"T\u00e9moignages - Corine Aubert","isPartOf":{"@id":"https:\/\/www.pensezavosmissions.com\/#website"},"primaryImageOfPage":{"@id":"https:\/\/www.pensezavosmissions.com\/index.php\/temoignages\/#primaryimage"},"image":{"@id":"https:\/\/www.pensezavosmissions.com\/index.php\/temoignages\/#primaryimage"},"thumbnailUrl":"https:\/\/www.pensezavosmissions.com\/wp-content\/uploads\/2016\/12\/temoignages-clients-V-300x131.jpg","datePublished":"2016-12-17T19:09:42+00:00","dateModified":"2025-01-19T18:49:23+00:00","breadcrumb":{"@id":"https:\/\/www.pensezavosmissions.com\/index.php\/temoignages\/#breadcrumb"},"inLanguage":"fr-FR","potentialAction":[{"@type":"ReadAction","target":["https:\/\/www.pensezavosmissions.com\/index.php\/temoignages\/"]}]},{"@type":"ImageObject","inLanguage":"fr-FR","@id":"https:\/\/www.pensezavosmissions.com\/index.php\/temoignages\/#primaryimage","url":"https:\/\/i0.wp.com\/www.pensezavosmissions.com\/wp-content\/uploads\/2016\/12\/temoignages-clients-V.jpg?fit=342%2C149&ssl=1","contentUrl":"https:\/\/i0.wp.com\/www.pensezavosmissions.com\/wp-content\/uploads\/2016\/12\/temoignages-clients-V.jpg?fit=342%2C149&ssl=1","width":342,"height":149},{"@type":"BreadcrumbList","@id":"https:\/\/www.pensezavosmissions.com\/index.php\/temoignages\/#breadcrumb","itemListElement":[{"@type":"ListItem","position":1,"name":"Accueil","item":"https:\/\/www.pensezavosmissions.com\/"},{"@type":"ListItem","position":2,"name":"T\u00e9moignages"}]},{"@type":"WebSite","@id":"https:\/\/www.pensezavosmissions.com\/#website","url":"https:\/\/www.pensezavosmissions.com\/","name":"Corine Aubert","description":"Pensez a vos missions commerciales","publisher":{"@id":"https:\/\/www.pensezavosmissions.com\/#\/schema\/person\/7987e5963615a808f538474d18156767"},"potentialAction":[{"@type":"SearchAction","target":{"@type":"EntryPoint","urlTemplate":"https:\/\/www.pensezavosmissions.com\/?s={search_term_string}"},"query-input":{"@type":"PropertyValueSpecification","valueRequired":true,"valueName":"search_term_string"}}],"inLanguage":"fr-FR"},{"@type":["Person","Organization"],"@id":"https:\/\/www.pensezavosmissions.com\/#\/schema\/person\/7987e5963615a808f538474d18156767","name":"Corine Aubert","image":{"@type":"ImageObject","inLanguage":"fr-FR","@id":"https:\/\/www.pensezavosmissions.com\/#\/schema\/person\/image\/","url":"https:\/\/i0.wp.com\/www.pensezavosmissions.com\/wp-content\/uploads\/2016\/12\/CORINE-AUBERT-2-CLAIR.jpg?fit=1488%2C1854&ssl=1","contentUrl":"https:\/\/i0.wp.com\/www.pensezavosmissions.com\/wp-content\/uploads\/2016\/12\/CORINE-AUBERT-2-CLAIR.jpg?fit=1488%2C1854&ssl=1","width":1488,"height":1854,"caption":"Corine Aubert"},"logo":{"@id":"https:\/\/www.pensezavosmissions.com\/#\/schema\/person\/image\/"},"description":"Assistante commerciale, t\u00e9l\u00e9prospectrice et t\u00e9l\u00e9vendeuse, Corine AUBERT prospecte, assiste vos clients et les conseille pour la r\u00e9alisation de leur projet. De par sa taille humaine, le service assure un suivi personnalis\u00e9 et r\u00e9actif \u00e0 ses clients. Apr\u00e8s avoir exerc\u00e9 plusieurs ann\u00e9es dans le secteur commercial, Corine AUBERT met son exp\u00e9rience commerciale et administrative au service du d\u00e9veloppement commercial de ses prospects et clients.","sameAs":["https:\/\/www.pensezavosmissions.com\/","https:\/\/fr.linkedin.com\/in\/corine-aubert-109b01115"]}]}},"jetpack_sharing_enabled":true,"jetpack_shortlink":"https:\/\/wp.me\/P8dXQ9-H","jetpack-related-posts":[{"id":76,"url":"https:\/\/www.pensezavosmissions.com\/index.php\/televente\/","url_meta":{"origin":43,"position":0},"title":"T\u00e9l\u00e9vente","author":"Corine Aubert","date":"21 d\u00e9cembre 2016","format":false,"excerpt":"Les missions de t\u00e9l\u00e9vente qui vous sont propos\u00e9es sont les suivantes : vendre un produit ou un service, fid\u00e9liser la client\u00e8le. Pour mener \u00e0 bien sa mission, la t\u00e9l\u00e9vendeuse aura \u00e0 sa disposition : un argumentaire t\u00e9l\u00e9phonique, une base de donn\u00e9es clients.","rel":"","context":"Article similaire","block_context":{"text":"Article similaire","link":""},"img":{"alt_text":"T\u00e9l\u00e9vente","src":"https:\/\/i0.wp.com\/www.pensezavosmissions.com\/wp-content\/uploads\/2017\/01\/accueil3-e1485295452249.jpg?fit=600%2C310&ssl=1&resize=350%2C200","width":350,"height":200,"srcset":"https:\/\/i0.wp.com\/www.pensezavosmissions.com\/wp-content\/uploads\/2017\/01\/accueil3-e1485295452249.jpg?fit=600%2C310&ssl=1&resize=350%2C200 1x, https:\/\/i0.wp.com\/www.pensezavosmissions.com\/wp-content\/uploads\/2017\/01\/accueil3-e1485295452249.jpg?fit=600%2C310&ssl=1&resize=525%2C300 1.5x"},"classes":[]},{"id":30,"url":"https:\/\/www.pensezavosmissions.com\/index.php\/home-office\/","url_meta":{"origin":43,"position":1},"title":"Home office \/ Portage salarial","author":"Corine Aubert","date":"17 d\u00e9cembre 2016","format":false,"excerpt":"Le portage salarial vous permet de recourir aux services d\u2019une assistante commerciale, t\u00e9l\u00e9prospectrice ou t\u00e9l\u00e9vendeuse sans en \u00eatre directement l\u2019employeur. En effet, la personne \u00e0 laquelle vous confiez une ou plusieurs missions (le port\u00e9) est r\u00e9mun\u00e9r\u00e9e par un tiers (une entreprise de portage salarial avec laquelle vous signez un contrat\u2026","rel":"","context":"Article similaire","block_context":{"text":"Article similaire","link":""},"img":{"alt_text":"","src":"","width":0,"height":0},"classes":[]},{"id":74,"url":"https:\/\/www.pensezavosmissions.com\/index.php\/teleprospection\/","url_meta":{"origin":43,"position":2},"title":"T\u00e9l\u00e9prospection","author":"Corine Aubert","date":"21 d\u00e9cembre 2016","format":false,"excerpt":"Les missions de t\u00e9l\u00e9prospection qui vous sont propos\u00e9es sont les suivantes : travail en amont de l'\u00e9quipe commerciale, prospection et d\u00e9termination des besoins des clients, prise de rendez-vous. Pour mener \u00e0 bien sa mission, la t\u00e9l\u00e9prospectrice dispose d\u2019un portefeuille de clients sous forme de bases de donn\u00e9es.","rel":"","context":"Article similaire","block_context":{"text":"Article similaire","link":""},"img":{"alt_text":"T\u00e9l\u00e9prospection","src":"https:\/\/i0.wp.com\/www.pensezavosmissions.com\/wp-content\/uploads\/2017\/01\/accueil2-e1485295386967.jpg?fit=600%2C310&ssl=1&resize=350%2C200","width":350,"height":200,"srcset":"https:\/\/i0.wp.com\/www.pensezavosmissions.com\/wp-content\/uploads\/2017\/01\/accueil2-e1485295386967.jpg?fit=600%2C310&ssl=1&resize=350%2C200 1x, https:\/\/i0.wp.com\/www.pensezavosmissions.com\/wp-content\/uploads\/2017\/01\/accueil2-e1485295386967.jpg?fit=600%2C310&ssl=1&resize=525%2C300 1.5x"},"classes":[]},{"id":40,"url":"https:\/\/www.pensezavosmissions.com\/index.php\/contact\/","url_meta":{"origin":43,"position":3},"title":"Nous contacter","author":"Corine Aubert","date":"17 d\u00e9cembre 2016","format":false,"excerpt":"Contacter l'entreprise \"Pensez a vos missions commerciales\"","rel":"","context":"Article similaire","block_context":{"text":"Article similaire","link":""},"img":{"alt_text":"Contacter \"Pensez a vos missions commerciales\"","src":"https:\/\/i0.wp.com\/www.pensezavosmissions.com\/wp-content\/uploads\/2017\/01\/courrier-294x300.jpg?resize=350%2C200&ssl=1","width":350,"height":200},"classes":[]},{"id":83,"url":"https:\/\/www.pensezavosmissions.com\/index.php\/facturation\/","url_meta":{"origin":43,"position":4},"title":"Facturation","author":"Corine Aubert","date":"21 d\u00e9cembre 2016","format":false,"excerpt":"Facturation de \"Pensez a vos missions commerciales\"","rel":"","context":"Article similaire","block_context":{"text":"Article similaire","link":""},"img":{"alt_text":"Facturation","src":"https:\/\/i0.wp.com\/www.pensezavosmissions.com\/wp-content\/uploads\/2016\/12\/Fotolia_48761950_XS.jpg?fit=600%2C200&ssl=1&resize=350%2C200","width":350,"height":200,"srcset":"https:\/\/i0.wp.com\/www.pensezavosmissions.com\/wp-content\/uploads\/2016\/12\/Fotolia_48761950_XS.jpg?fit=600%2C200&ssl=1&resize=350%2C200 1x, https:\/\/i0.wp.com\/www.pensezavosmissions.com\/wp-content\/uploads\/2016\/12\/Fotolia_48761950_XS.jpg?fit=600%2C200&ssl=1&resize=525%2C300 1.5x"},"classes":[]},{"id":72,"url":"https:\/\/www.pensezavosmissions.com\/index.php\/assistance-commerciale\/","url_meta":{"origin":43,"position":5},"title":"Assistance commerciale","author":"Corine Aubert","date":"21 d\u00e9cembre 2016","format":false,"excerpt":"L\u2019assistante commerciale est le premier contact du client avec l\u2019entreprise. L\u2019assistante commerciale assure le traitement des commandes, la facturation, la tenue du fichier clients, la surveillance des stocks, la r\u00e9daction des devis, la r\u00e9ception et le traitement des factures, elle informe le client des d\u00e9lais de livraison, etc.","rel":"","context":"Article similaire","block_context":{"text":"Article similaire","link":""},"img":{"alt_text":"Assistance commerciale","src":"https:\/\/i0.wp.com\/www.pensezavosmissions.com\/wp-content\/uploads\/2017\/01\/accueil4-e1485295512874.jpg?fit=600%2C310&ssl=1&resize=350%2C200","width":350,"height":200,"srcset":"https:\/\/i0.wp.com\/www.pensezavosmissions.com\/wp-content\/uploads\/2017\/01\/accueil4-e1485295512874.jpg?fit=600%2C310&ssl=1&resize=350%2C200 1x, https:\/\/i0.wp.com\/www.pensezavosmissions.com\/wp-content\/uploads\/2017\/01\/accueil4-e1485295512874.jpg?fit=600%2C310&ssl=1&resize=525%2C300 1.5x"},"classes":[]}],"_links":{"self":[{"href":"https:\/\/www.pensezavosmissions.com\/index.php\/wp-json\/wp\/v2\/pages\/43","targetHints":{"allow":["GET"]}}],"collection":[{"href":"https:\/\/www.pensezavosmissions.com\/index.php\/wp-json\/wp\/v2\/pages"}],"about":[{"href":"https:\/\/www.pensezavosmissions.com\/index.php\/wp-json\/wp\/v2\/types\/page"}],"author":[{"embeddable":true,"href":"https:\/\/www.pensezavosmissions.com\/index.php\/wp-json\/wp\/v2\/users\/1"}],"replies":[{"embeddable":true,"href":"https:\/\/www.pensezavosmissions.com\/index.php\/wp-json\/wp\/v2\/comments?post=43"}],"version-history":[{"count":7,"href":"https:\/\/www.pensezavosmissions.com\/index.php\/wp-json\/wp\/v2\/pages\/43\/revisions"}],"predecessor-version":[{"id":2977,"href":"https:\/\/www.pensezavosmissions.com\/index.php\/wp-json\/wp\/v2\/pages\/43\/revisions\/2977"}],"wp:attachment":[{"href":"https:\/\/www.pensezavosmissions.com\/index.php\/wp-json\/wp\/v2\/media?parent=43"}],"curies":[{"name":"wp","href":"https:\/\/api.w.org\/{rel}","templated":true}]}}