{"id":30,"date":"2016-12-17T20:04:52","date_gmt":"2016-12-17T19:04:52","guid":{"rendered":"http:\/\/www.pensezavosmissions.com\/?page_id=30"},"modified":"2025-01-28T13:04:34","modified_gmt":"2025-01-28T12:04:34","slug":"home-office","status":"publish","type":"page","link":"https:\/\/www.pensezavosmissions.com\/index.php\/home-office\/","title":{"rendered":"Home office \/ Portage salarial"},"content":{"rendered":"<h1><span style=\"color: #006699;\">Home Office \/ Portage Salarial<\/span><\/h1>\n<p style=\"text-align: justify;\">Le portage salarial vous permet de recourir aux services d\u2019une assistante commerciale, t\u00e9l\u00e9prospectrice ou t\u00e9l\u00e9vendeuse sans en \u00eatre directement l\u2019employeur. En effet, la personne \u00e0 laquelle vous confiez une ou plusieurs missions (le port\u00e9) est r\u00e9mun\u00e9r\u00e9e par un tiers (une entreprise de portage salarial avec laquelle vous signez un contrat commercial de prestation de portage salarial) qui se charge d\u2019effectuer les formalit\u00e9s administratives de gestion (contrat de travail, bulletin de paie, solde de tout compte).<\/p>\n<p style=\"text-align: justify;\">Ainsi, vous n\u2019avez pas \u00e0 g\u00e9rer la prestataire de service et celle-ci n\u2019entre pas dans vos effectifs puisqu&rsquo;elle n\u2019est pas votre employ\u00e9e. Vous faites appel \u00e0 elle le temps d\u2019une mission et quand la mission est termin\u00e9e, vous n\u2019avez pas \u00e0 g\u00e9rer de rupture du contrat de travail.<\/p>\n<p style=\"text-align: justify;\">Selon l\u2019ordonnance n\u00b0 2015-380 du 2 avril 2015 relative au portage salarial :<\/p>\n<p style=\"text-align: justify;\">Le portage salarial d\u00e9signe l&rsquo;ensemble organis\u00e9 constitu\u00e9 par :<\/p>\n<table border=\"0\" width=\"100%\" cellspacing=\"0\" cellpadding=\"0\">\n<tbody>\n<tr>\n<td><\/td>\n<td>\n<ol style=\"text-align: justify;\">\n<li>D&rsquo;une part, la relation entre une entreprise d\u00e9nomm\u00e9e \u201c entreprise de portage salarial \u201d effectuant une prestation au profit d&rsquo;une entreprise cliente, qui donne lieu \u00e0 la conclusion d&rsquo;un contrat commercial de prestation de portage salarial ;<\/li>\n<li>D&rsquo;autre part, le contrat de travail conclu entre l&rsquo;entreprise de portage salarial et un salari\u00e9 d\u00e9sign\u00e9 comme \u00e9tant le \u201c salari\u00e9 port\u00e9 \u201d, lequel est r\u00e9mun\u00e9r\u00e9 par cette entreprise.<\/li>\n<\/ol>\n<\/td>\n<\/tr>\n<\/tbody>\n<\/table>\n<p style=\"text-align: justify;\"><span style=\"color: #006699;\"><strong>QU\u2019EST-CE QUE LE HOME OFFICE ?<\/strong><\/span><\/p>\n<p style=\"text-align: justify;\">Le Home office permet d\u2019assurer une prestation de travail depuis son domicile pour une soci\u00e9t\u00e9.<\/p>\n<p style=\"text-align: justify;\">Le plus souvent, il s\u2019agit de missions ponctuelles ou occasionnelles, mais rien ne s\u2019oppose au choix de missions de longue dur\u00e9e dans le cadre d\u2019un partenariat<\/p>\n<p style=\"text-align: justify;\"><span style=\"color: #006699;\"><strong>QU\u2019EST-CE QUI RESTE A LA CHARGE DU CLIENT ?<\/strong><\/span><\/p>\n<p style=\"text-align: justify;\">Afin d\u2019assurer au mieux la mission, le client fournit au prestataire\u00a0l\u2019argumentaire de vente du produit ou service propos\u00e9.<\/p>\n<p style=\"text-align: justify;\">Le client intervient \u00e9galement \u00a0en cas de n\u00e9cessit\u00e9 li\u00e9e \u00e0 une difficult\u00e9 li\u00e9e au produit ou service propos\u00e9.<\/p>\n<p style=\"text-align: justify;\"><span style=\"color: #006699;\"><strong>PLUSIEURS SOLUTIONS DE GESTION SONT PROPOS\u00c9ES\u00a0:<\/strong><\/span><\/p>\n<p style=\"text-align: justify;\">&#8211; le planning est enti\u00e8rement g\u00e9r\u00e9 par le port\u00e9<\/p>\n<p style=\"padding-left: 30px; text-align: justify;\">ou<\/p>\n<p style=\"text-align: justify;\">&#8211; le rendez-vous est pris par le client sur la base des informations clients fournies par le port\u00e9.<\/p>\n<p style=\"text-align: justify;\"><span style=\"color: #006699;\"><strong>POUR TOUTE FIN DE MISSION<\/strong><\/span><\/p>\n<p style=\"text-align: justify;\">Une fiche de satisfaction vous sera transmise<\/p>\n","protected":false},"excerpt":{"rendered":"<p>Le portage salarial vous permet de recourir aux services d\u2019une assistante commerciale, t\u00e9l\u00e9prospectrice ou t\u00e9l\u00e9vendeuse sans en \u00eatre directement l\u2019employeur. En effet, la personne \u00e0 laquelle vous confiez une ou plusieurs missions (le port\u00e9) est r\u00e9mun\u00e9r\u00e9e par un tiers (une entreprise de portage salarial avec laquelle vous signez un contrat commercial de prestation de portage salarial) qui se charge d\u2019effectuer les formalit\u00e9s administratives de gestion (contrat de travail, bulletin de paie, solde de tout compte).<\/p>\n","protected":false},"author":1,"featured_media":0,"parent":0,"menu_order":1,"comment_status":"closed","ping_status":"closed","template":"","meta":{"jetpack_post_was_ever_published":false,"footnotes":""},"class_list":["post-30","page","type-page","status-publish","hentry"],"yoast_head":"<!-- This site is optimized with the Yoast SEO plugin v24.3 - https:\/\/yoast.com\/wordpress\/plugins\/seo\/ -->\n<title>Portage salarial t\u00e9l\u00e9prospectrice t\u00e9l\u00e9vendeuse assistante Aubert<\/title>\n<meta name=\"description\" content=\"Le portage salarial vous permet de recourir aux services d\u2019une assistante commerciale, t\u00e9l\u00e9prospectrice ou t\u00e9l\u00e9vendeuse sans en \u00eatre directement l\u2019employeur. En effet, la personne \u00e0 laquelle vous confiez une ou plusieurs missions (le port\u00e9) est r\u00e9mun\u00e9r\u00e9e par un tiers (une entreprise de portage salarial avec laquelle vous signez un contrat commercial de prestation de portage salarial) qui se charge d\u2019effectuer les formalit\u00e9s administratives de gestion (contrat de travail, bulletin de paie, solde de tout compte).Ainsi, vous n\u2019avez pas \u00e0 g\u00e9rer la prestataire de service et celle-ci n\u2019entre pas dans vos effectifs puisqu\u2019elle n\u2019est pas votre employ\u00e9e. Vous faites appel \u00e0 elle le temps d\u2019une mission et quand la mission est termin\u00e9e, vous n\u2019avez pas \u00e0 g\u00e9rer de rupture du contrat de travail.\" \/>\n<meta name=\"robots\" content=\"index, follow, max-snippet:-1, max-image-preview:large, max-video-preview:-1\" \/>\n<link rel=\"canonical\" href=\"https:\/\/www.pensezavosmissions.com\/index.php\/home-office\/\" \/>\n<meta property=\"og:locale\" content=\"fr_FR\" \/>\n<meta property=\"og:type\" content=\"article\" \/>\n<meta property=\"og:title\" content=\"Corine AUBERT t\u00e9l\u00e9prospectrice\" \/>\n<meta property=\"og:description\" content=\"Assistante commerciale, t\u00e9l\u00e9prospectrice et t\u00e9l\u00e9vendeuse, Corine AUBERT prospecte, assiste vos clients et les conseille pour la r\u00e9alisation de leur projet.De par sa taille humaine, le service assure un suivi personnalis\u00e9 et r\u00e9actif \u00e0 ses clients.\" \/>\n<meta property=\"og:url\" content=\"https:\/\/www.pensezavosmissions.com\/index.php\/home-office\/\" \/>\n<meta property=\"og:site_name\" content=\"Corine Aubert\" \/>\n<meta property=\"article:modified_time\" content=\"2025-01-28T12:04:34+00:00\" \/>\n<meta property=\"og:image\" content=\"https:\/\/i0.wp.com\/www.pensezavosmissions.com\/wp-content\/uploads\/2017\/01\/cropped-corine_aubert_01.jpg?fit=2000%2C1200&ssl=1\" \/>\n\t<meta property=\"og:image:width\" content=\"2000\" \/>\n\t<meta property=\"og:image:height\" content=\"1200\" \/>\n\t<meta property=\"og:image:type\" content=\"image\/jpeg\" \/>\n<meta name=\"twitter:card\" content=\"summary_large_image\" \/>\n<meta name=\"twitter:label1\" content=\"Dur\u00e9e de lecture estim\u00e9e\" \/>\n\t<meta name=\"twitter:data1\" content=\"2 minutes\" \/>\n<script type=\"application\/ld+json\" class=\"yoast-schema-graph\">{\"@context\":\"https:\/\/schema.org\",\"@graph\":[{\"@type\":\"WebPage\",\"@id\":\"https:\/\/www.pensezavosmissions.com\/index.php\/home-office\/\",\"url\":\"https:\/\/www.pensezavosmissions.com\/index.php\/home-office\/\",\"name\":\"Portage salarial t\u00e9l\u00e9prospectrice t\u00e9l\u00e9vendeuse assistante Aubert\",\"isPartOf\":{\"@id\":\"https:\/\/www.pensezavosmissions.com\/#website\"},\"datePublished\":\"2016-12-17T19:04:52+00:00\",\"dateModified\":\"2025-01-28T12:04:34+00:00\",\"description\":\"Le portage salarial vous permet de recourir aux services d\u2019une assistante commerciale, t\u00e9l\u00e9prospectrice ou t\u00e9l\u00e9vendeuse sans en \u00eatre directement l\u2019employeur. En effet, la personne \u00e0 laquelle vous confiez une ou plusieurs missions (le port\u00e9) est r\u00e9mun\u00e9r\u00e9e par un tiers (une entreprise de portage salarial avec laquelle vous signez un contrat commercial de prestation de portage salarial) qui se charge d\u2019effectuer les formalit\u00e9s administratives de gestion (contrat de travail, bulletin de paie, solde de tout compte).Ainsi, vous n\u2019avez pas \u00e0 g\u00e9rer la prestataire de service et celle-ci n\u2019entre pas dans vos effectifs puisqu\u2019elle n\u2019est pas votre employ\u00e9e. Vous faites appel \u00e0 elle le temps d\u2019une mission et quand la mission est termin\u00e9e, vous n\u2019avez pas \u00e0 g\u00e9rer de rupture du contrat de travail.\",\"breadcrumb\":{\"@id\":\"https:\/\/www.pensezavosmissions.com\/index.php\/home-office\/#breadcrumb\"},\"inLanguage\":\"fr-FR\",\"potentialAction\":[{\"@type\":\"ReadAction\",\"target\":[\"https:\/\/www.pensezavosmissions.com\/index.php\/home-office\/\"]}]},{\"@type\":\"BreadcrumbList\",\"@id\":\"https:\/\/www.pensezavosmissions.com\/index.php\/home-office\/#breadcrumb\",\"itemListElement\":[{\"@type\":\"ListItem\",\"position\":1,\"name\":\"Accueil\",\"item\":\"https:\/\/www.pensezavosmissions.com\/\"},{\"@type\":\"ListItem\",\"position\":2,\"name\":\"Home office \/ Portage salarial\"}]},{\"@type\":\"WebSite\",\"@id\":\"https:\/\/www.pensezavosmissions.com\/#website\",\"url\":\"https:\/\/www.pensezavosmissions.com\/\",\"name\":\"Corine Aubert\",\"description\":\"Pensez a vos missions commerciales\",\"publisher\":{\"@id\":\"https:\/\/www.pensezavosmissions.com\/#\/schema\/person\/7987e5963615a808f538474d18156767\"},\"potentialAction\":[{\"@type\":\"SearchAction\",\"target\":{\"@type\":\"EntryPoint\",\"urlTemplate\":\"https:\/\/www.pensezavosmissions.com\/?s={search_term_string}\"},\"query-input\":{\"@type\":\"PropertyValueSpecification\",\"valueRequired\":true,\"valueName\":\"search_term_string\"}}],\"inLanguage\":\"fr-FR\"},{\"@type\":[\"Person\",\"Organization\"],\"@id\":\"https:\/\/www.pensezavosmissions.com\/#\/schema\/person\/7987e5963615a808f538474d18156767\",\"name\":\"Corine Aubert\",\"image\":{\"@type\":\"ImageObject\",\"inLanguage\":\"fr-FR\",\"@id\":\"https:\/\/www.pensezavosmissions.com\/#\/schema\/person\/image\/\",\"url\":\"https:\/\/i0.wp.com\/www.pensezavosmissions.com\/wp-content\/uploads\/2016\/12\/CORINE-AUBERT-2-CLAIR.jpg?fit=1488%2C1854&ssl=1\",\"contentUrl\":\"https:\/\/i0.wp.com\/www.pensezavosmissions.com\/wp-content\/uploads\/2016\/12\/CORINE-AUBERT-2-CLAIR.jpg?fit=1488%2C1854&ssl=1\",\"width\":1488,\"height\":1854,\"caption\":\"Corine Aubert\"},\"logo\":{\"@id\":\"https:\/\/www.pensezavosmissions.com\/#\/schema\/person\/image\/\"},\"description\":\"Assistante commerciale, t\u00e9l\u00e9prospectrice et t\u00e9l\u00e9vendeuse, Corine AUBERT prospecte, assiste vos clients et les conseille pour la r\u00e9alisation de leur projet. De par sa taille humaine, le service assure un suivi personnalis\u00e9 et r\u00e9actif \u00e0 ses clients. Apr\u00e8s avoir exerc\u00e9 plusieurs ann\u00e9es dans le secteur commercial, Corine AUBERT met son exp\u00e9rience commerciale et administrative au service du d\u00e9veloppement commercial de ses prospects et clients.\",\"sameAs\":[\"https:\/\/www.pensezavosmissions.com\/\",\"https:\/\/fr.linkedin.com\/in\/corine-aubert-109b01115\"]}]}<\/script>\n<!-- \/ Yoast SEO plugin. -->","yoast_head_json":{"title":"Portage salarial t\u00e9l\u00e9prospectrice t\u00e9l\u00e9vendeuse assistante Aubert","description":"Le portage salarial vous permet de recourir aux services d\u2019une assistante commerciale, t\u00e9l\u00e9prospectrice ou t\u00e9l\u00e9vendeuse sans en \u00eatre directement l\u2019employeur. En effet, la personne \u00e0 laquelle vous confiez une ou plusieurs missions (le port\u00e9) est r\u00e9mun\u00e9r\u00e9e par un tiers (une entreprise de portage salarial avec laquelle vous signez un contrat commercial de prestation de portage salarial) qui se charge d\u2019effectuer les formalit\u00e9s administratives de gestion (contrat de travail, bulletin de paie, solde de tout compte).Ainsi, vous n\u2019avez pas \u00e0 g\u00e9rer la prestataire de service et celle-ci n\u2019entre pas dans vos effectifs puisqu\u2019elle n\u2019est pas votre employ\u00e9e. Vous faites appel \u00e0 elle le temps d\u2019une mission et quand la mission est termin\u00e9e, vous n\u2019avez pas \u00e0 g\u00e9rer de rupture du contrat de travail.","robots":{"index":"index","follow":"follow","max-snippet":"max-snippet:-1","max-image-preview":"max-image-preview:large","max-video-preview":"max-video-preview:-1"},"canonical":"https:\/\/www.pensezavosmissions.com\/index.php\/home-office\/","og_locale":"fr_FR","og_type":"article","og_title":"Corine AUBERT t\u00e9l\u00e9prospectrice","og_description":"Assistante commerciale, t\u00e9l\u00e9prospectrice et t\u00e9l\u00e9vendeuse, Corine AUBERT prospecte, assiste vos clients et les conseille pour la r\u00e9alisation de leur projet.De par sa taille humaine, le service assure un suivi personnalis\u00e9 et r\u00e9actif \u00e0 ses clients.","og_url":"https:\/\/www.pensezavosmissions.com\/index.php\/home-office\/","og_site_name":"Corine Aubert","article_modified_time":"2025-01-28T12:04:34+00:00","og_image":[{"width":2000,"height":1200,"url":"https:\/\/i0.wp.com\/www.pensezavosmissions.com\/wp-content\/uploads\/2017\/01\/cropped-corine_aubert_01.jpg?fit=2000%2C1200&ssl=1","type":"image\/jpeg"}],"twitter_card":"summary_large_image","twitter_misc":{"Dur\u00e9e de lecture estim\u00e9e":"2 minutes"},"schema":{"@context":"https:\/\/schema.org","@graph":[{"@type":"WebPage","@id":"https:\/\/www.pensezavosmissions.com\/index.php\/home-office\/","url":"https:\/\/www.pensezavosmissions.com\/index.php\/home-office\/","name":"Portage salarial t\u00e9l\u00e9prospectrice t\u00e9l\u00e9vendeuse assistante Aubert","isPartOf":{"@id":"https:\/\/www.pensezavosmissions.com\/#website"},"datePublished":"2016-12-17T19:04:52+00:00","dateModified":"2025-01-28T12:04:34+00:00","description":"Le portage salarial vous permet de recourir aux services d\u2019une assistante commerciale, t\u00e9l\u00e9prospectrice ou t\u00e9l\u00e9vendeuse sans en \u00eatre directement l\u2019employeur. En effet, la personne \u00e0 laquelle vous confiez une ou plusieurs missions (le port\u00e9) est r\u00e9mun\u00e9r\u00e9e par un tiers (une entreprise de portage salarial avec laquelle vous signez un contrat commercial de prestation de portage salarial) qui se charge d\u2019effectuer les formalit\u00e9s administratives de gestion (contrat de travail, bulletin de paie, solde de tout compte).Ainsi, vous n\u2019avez pas \u00e0 g\u00e9rer la prestataire de service et celle-ci n\u2019entre pas dans vos effectifs puisqu\u2019elle n\u2019est pas votre employ\u00e9e. Vous faites appel \u00e0 elle le temps d\u2019une mission et quand la mission est termin\u00e9e, vous n\u2019avez pas \u00e0 g\u00e9rer de rupture du contrat de travail.","breadcrumb":{"@id":"https:\/\/www.pensezavosmissions.com\/index.php\/home-office\/#breadcrumb"},"inLanguage":"fr-FR","potentialAction":[{"@type":"ReadAction","target":["https:\/\/www.pensezavosmissions.com\/index.php\/home-office\/"]}]},{"@type":"BreadcrumbList","@id":"https:\/\/www.pensezavosmissions.com\/index.php\/home-office\/#breadcrumb","itemListElement":[{"@type":"ListItem","position":1,"name":"Accueil","item":"https:\/\/www.pensezavosmissions.com\/"},{"@type":"ListItem","position":2,"name":"Home office \/ Portage salarial"}]},{"@type":"WebSite","@id":"https:\/\/www.pensezavosmissions.com\/#website","url":"https:\/\/www.pensezavosmissions.com\/","name":"Corine Aubert","description":"Pensez a vos missions commerciales","publisher":{"@id":"https:\/\/www.pensezavosmissions.com\/#\/schema\/person\/7987e5963615a808f538474d18156767"},"potentialAction":[{"@type":"SearchAction","target":{"@type":"EntryPoint","urlTemplate":"https:\/\/www.pensezavosmissions.com\/?s={search_term_string}"},"query-input":{"@type":"PropertyValueSpecification","valueRequired":true,"valueName":"search_term_string"}}],"inLanguage":"fr-FR"},{"@type":["Person","Organization"],"@id":"https:\/\/www.pensezavosmissions.com\/#\/schema\/person\/7987e5963615a808f538474d18156767","name":"Corine Aubert","image":{"@type":"ImageObject","inLanguage":"fr-FR","@id":"https:\/\/www.pensezavosmissions.com\/#\/schema\/person\/image\/","url":"https:\/\/i0.wp.com\/www.pensezavosmissions.com\/wp-content\/uploads\/2016\/12\/CORINE-AUBERT-2-CLAIR.jpg?fit=1488%2C1854&ssl=1","contentUrl":"https:\/\/i0.wp.com\/www.pensezavosmissions.com\/wp-content\/uploads\/2016\/12\/CORINE-AUBERT-2-CLAIR.jpg?fit=1488%2C1854&ssl=1","width":1488,"height":1854,"caption":"Corine Aubert"},"logo":{"@id":"https:\/\/www.pensezavosmissions.com\/#\/schema\/person\/image\/"},"description":"Assistante commerciale, t\u00e9l\u00e9prospectrice et t\u00e9l\u00e9vendeuse, Corine AUBERT prospecte, assiste vos clients et les conseille pour la r\u00e9alisation de leur projet. De par sa taille humaine, le service assure un suivi personnalis\u00e9 et r\u00e9actif \u00e0 ses clients. Apr\u00e8s avoir exerc\u00e9 plusieurs ann\u00e9es dans le secteur commercial, Corine AUBERT met son exp\u00e9rience commerciale et administrative au service du d\u00e9veloppement commercial de ses prospects et clients.","sameAs":["https:\/\/www.pensezavosmissions.com\/","https:\/\/fr.linkedin.com\/in\/corine-aubert-109b01115"]}]}},"jetpack_sharing_enabled":false,"jetpack_shortlink":"https:\/\/wp.me\/P8dXQ9-u","jetpack-related-posts":[{"id":83,"url":"https:\/\/www.pensezavosmissions.com\/index.php\/facturation\/","url_meta":{"origin":30,"position":0},"title":"Facturation","author":"Corine Aubert","date":"21 d\u00e9cembre 2016","format":false,"excerpt":"Facturation de \"Pensez a vos missions commerciales\"","rel":"","context":"Article similaire","block_context":{"text":"Article similaire","link":""},"img":{"alt_text":"Facturation","src":"https:\/\/i0.wp.com\/www.pensezavosmissions.com\/wp-content\/uploads\/2016\/12\/Fotolia_48761950_XS.jpg?fit=600%2C200&ssl=1&resize=350%2C200","width":350,"height":200,"srcset":"https:\/\/i0.wp.com\/www.pensezavosmissions.com\/wp-content\/uploads\/2016\/12\/Fotolia_48761950_XS.jpg?fit=600%2C200&ssl=1&resize=350%2C200 1x, https:\/\/i0.wp.com\/www.pensezavosmissions.com\/wp-content\/uploads\/2016\/12\/Fotolia_48761950_XS.jpg?fit=600%2C200&ssl=1&resize=525%2C300 1.5x"},"classes":[]},{"id":74,"url":"https:\/\/www.pensezavosmissions.com\/index.php\/teleprospection\/","url_meta":{"origin":30,"position":1},"title":"T\u00e9l\u00e9prospection","author":"Corine Aubert","date":"21 d\u00e9cembre 2016","format":false,"excerpt":"Les missions de t\u00e9l\u00e9prospection qui vous sont propos\u00e9es sont les suivantes : travail en amont de l'\u00e9quipe commerciale, prospection et d\u00e9termination des besoins des clients, prise de rendez-vous. Pour mener \u00e0 bien sa mission, la t\u00e9l\u00e9prospectrice dispose d\u2019un portefeuille de clients sous forme de bases de donn\u00e9es.","rel":"","context":"Article similaire","block_context":{"text":"Article similaire","link":""},"img":{"alt_text":"T\u00e9l\u00e9prospection","src":"https:\/\/i0.wp.com\/www.pensezavosmissions.com\/wp-content\/uploads\/2017\/01\/accueil2-e1485295386967.jpg?fit=600%2C310&ssl=1&resize=350%2C200","width":350,"height":200,"srcset":"https:\/\/i0.wp.com\/www.pensezavosmissions.com\/wp-content\/uploads\/2017\/01\/accueil2-e1485295386967.jpg?fit=600%2C310&ssl=1&resize=350%2C200 1x, https:\/\/i0.wp.com\/www.pensezavosmissions.com\/wp-content\/uploads\/2017\/01\/accueil2-e1485295386967.jpg?fit=600%2C310&ssl=1&resize=525%2C300 1.5x"},"classes":[]},{"id":72,"url":"https:\/\/www.pensezavosmissions.com\/index.php\/assistance-commerciale\/","url_meta":{"origin":30,"position":2},"title":"Assistance commerciale","author":"Corine Aubert","date":"21 d\u00e9cembre 2016","format":false,"excerpt":"L\u2019assistante commerciale est le premier contact du client avec l\u2019entreprise. L\u2019assistante commerciale assure le traitement des commandes, la facturation, la tenue du fichier clients, la surveillance des stocks, la r\u00e9daction des devis, la r\u00e9ception et le traitement des factures, elle informe le client des d\u00e9lais de livraison, etc.","rel":"","context":"Article similaire","block_context":{"text":"Article similaire","link":""},"img":{"alt_text":"Assistance commerciale","src":"https:\/\/i0.wp.com\/www.pensezavosmissions.com\/wp-content\/uploads\/2017\/01\/accueil4-e1485295512874.jpg?fit=600%2C310&ssl=1&resize=350%2C200","width":350,"height":200,"srcset":"https:\/\/i0.wp.com\/www.pensezavosmissions.com\/wp-content\/uploads\/2017\/01\/accueil4-e1485295512874.jpg?fit=600%2C310&ssl=1&resize=350%2C200 1x, https:\/\/i0.wp.com\/www.pensezavosmissions.com\/wp-content\/uploads\/2017\/01\/accueil4-e1485295512874.jpg?fit=600%2C310&ssl=1&resize=525%2C300 1.5x"},"classes":[]},{"id":76,"url":"https:\/\/www.pensezavosmissions.com\/index.php\/televente\/","url_meta":{"origin":30,"position":3},"title":"T\u00e9l\u00e9vente","author":"Corine Aubert","date":"21 d\u00e9cembre 2016","format":false,"excerpt":"Les missions de t\u00e9l\u00e9vente qui vous sont propos\u00e9es sont les suivantes : vendre un produit ou un service, fid\u00e9liser la client\u00e8le. Pour mener \u00e0 bien sa mission, la t\u00e9l\u00e9vendeuse aura \u00e0 sa disposition : un argumentaire t\u00e9l\u00e9phonique, une base de donn\u00e9es clients.","rel":"","context":"Article similaire","block_context":{"text":"Article similaire","link":""},"img":{"alt_text":"T\u00e9l\u00e9vente","src":"https:\/\/i0.wp.com\/www.pensezavosmissions.com\/wp-content\/uploads\/2017\/01\/accueil3-e1485295452249.jpg?fit=600%2C310&ssl=1&resize=350%2C200","width":350,"height":200,"srcset":"https:\/\/i0.wp.com\/www.pensezavosmissions.com\/wp-content\/uploads\/2017\/01\/accueil3-e1485295452249.jpg?fit=600%2C310&ssl=1&resize=350%2C200 1x, https:\/\/i0.wp.com\/www.pensezavosmissions.com\/wp-content\/uploads\/2017\/01\/accueil3-e1485295452249.jpg?fit=600%2C310&ssl=1&resize=525%2C300 1.5x"},"classes":[]},{"id":40,"url":"https:\/\/www.pensezavosmissions.com\/index.php\/contact\/","url_meta":{"origin":30,"position":4},"title":"Nous contacter","author":"Corine Aubert","date":"17 d\u00e9cembre 2016","format":false,"excerpt":"Contacter l'entreprise \"Pensez a vos missions commerciales\"","rel":"","context":"Article similaire","block_context":{"text":"Article similaire","link":""},"img":{"alt_text":"Contacter \"Pensez a vos missions commerciales\"","src":"https:\/\/i0.wp.com\/www.pensezavosmissions.com\/wp-content\/uploads\/2017\/01\/courrier-294x300.jpg?resize=350%2C200&ssl=1","width":350,"height":200},"classes":[]}],"_links":{"self":[{"href":"https:\/\/www.pensezavosmissions.com\/index.php\/wp-json\/wp\/v2\/pages\/30","targetHints":{"allow":["GET"]}}],"collection":[{"href":"https:\/\/www.pensezavosmissions.com\/index.php\/wp-json\/wp\/v2\/pages"}],"about":[{"href":"https:\/\/www.pensezavosmissions.com\/index.php\/wp-json\/wp\/v2\/types\/page"}],"author":[{"embeddable":true,"href":"https:\/\/www.pensezavosmissions.com\/index.php\/wp-json\/wp\/v2\/users\/1"}],"replies":[{"embeddable":true,"href":"https:\/\/www.pensezavosmissions.com\/index.php\/wp-json\/wp\/v2\/comments?post=30"}],"version-history":[{"count":16,"href":"https:\/\/www.pensezavosmissions.com\/index.php\/wp-json\/wp\/v2\/pages\/30\/revisions"}],"predecessor-version":[{"id":438,"href":"https:\/\/www.pensezavosmissions.com\/index.php\/wp-json\/wp\/v2\/pages\/30\/revisions\/438"}],"wp:attachment":[{"href":"https:\/\/www.pensezavosmissions.com\/index.php\/wp-json\/wp\/v2\/media?parent=30"}],"curies":[{"name":"wp","href":"https:\/\/api.w.org\/{rel}","templated":true}]}}